{"id":1431,"date":"2020-08-06T21:05:48","date_gmt":"2020-08-07T01:05:48","guid":{"rendered":"https:\/\/iaogi.wpengine.com\/le-manteau-canadien\/"},"modified":"2026-03-10T19:19:20","modified_gmt":"2026-03-10T23:19:20","slug":"le-manteau-canadien","status":"publish","type":"page","link":"https:\/\/iaogcan.com\/fr\/le-manteau-canadien\/","title":{"rendered":"Le Manteau Canadien"},"content":{"rendered":"<p>[et_pb_section fb_built=\u00a0\u00bb1&Prime; admin_label=\u00a0\u00bbHeader\u00a0\u00bb _builder_version=\u00a0\u00bb4.16&Prime; _module_preset=\u00a0\u00bb8f2ca45f-f9f5-4a44-88e6-c0b7c0446f29&Prime; global_colors_info=\u00a0\u00bb{}\u00a0\u00bb][et_pb_row _builder_version=\u00a0\u00bb4.16&Prime; global_colors_info=\u00a0\u00bb{}\u00a0\u00bb][et_pb_column type=\u00a0\u00bb4_4&Prime; _builder_version=\u00a0\u00bb4.16&Prime; custom_padding=\u00a0\u00bb|||\u00a0\u00bb global_colors_info=\u00a0\u00bb{}\u00a0\u00bb custom_padding__hover=\u00a0\u00bb|||\u00a0\u00bb][et_pb_text _builder_version=\u00a0\u00bb4.16&Prime; text_font=\u00a0\u00bb||||||||\u00a0\u00bb ul_font=\u00a0\u00bb||||||||\u00a0\u00bb ol_font=\u00a0\u00bb||||||||\u00a0\u00bb header_font=\u00a0\u00bbVollkorn||||||||\u00a0\u00bb header_font_size=\u00a0\u00bb84px\u00a0\u00bb header_letter_spacing=\u00a0\u00bb1px\u00a0\u00bb header_line_height=\u00a0\u00bb1.2em\u00a0\u00bb header_2_font=\u00a0\u00bbVollkorn||||||||\u00a0\u00bb header_2_font_size=\u00a0\u00bb44px\u00a0\u00bb header_2_letter_spacing=\u00a0\u00bb1px\u00a0\u00bb header_2_line_height=\u00a0\u00bb1.4em\u00a0\u00bb header_3_font=\u00a0\u00bb||||||||\u00a0\u00bb header_4_font=\u00a0\u00bb||||||||\u00a0\u00bb header_5_font=\u00a0\u00bb||||||||\u00a0\u00bb header_6_font=\u00a0\u00bb||||||||\u00a0\u00bb background_layout=\u00a0\u00bbdark\u00a0\u00bb max_width=\u00a0\u00bb800px\u00a0\u00bb module_alignment=\u00a0\u00bbleft\u00a0\u00bb custom_margin=\u00a0\u00bb||20px|\u00a0\u00bb animation_style=\u00a0\u00bbslide\u00a0\u00bb animation_direction=\u00a0\u00bbleft\u00a0\u00bb animation_intensity_slide=\u00a0\u00bb2%\u00a0\u00bb header_font_size_tablet=\u00a0\u00bb35px\u00a0\u00bb header_font_size_phone=\u00a0\u00bb30px\u00a0\u00bb header_font_size_last_edited=\u00a0\u00bbon|desktop\u00a0\u00bb header_2_font_size_tablet=\u00a0\u00bb35px\u00a0\u00bb header_2_font_size_phone=\u00a0\u00bb30px\u00a0\u00bb header_2_font_size_last_edited=\u00a0\u00bbon|desktop\u00a0\u00bb global_colors_info=\u00a0\u00bb{}\u00a0\u00bb]<\/p>\n<h1>Le Manteau Canadien<\/h1>\n<h2><\/h2>\n<p>[\/et_pb_text][\/et_pb_column][\/et_pb_row][\/et_pb_section][et_pb_section fb_built=\u00a0\u00bb1&Prime; _builder_version=\u00a0\u00bb4.16&Prime; custom_padding=\u00a0\u00bb54px|0px|100px|0px|false|false\u00a0\u00bb global_colors_info=\u00a0\u00bb{}\u00a0\u00bb][et_pb_row _builder_version=\u00a0\u00bb4.16&Prime; custom_padding=\u00a0\u00bb29.6875px|30px|29.6875px|30px|false|false\u00a0\u00bb animation_style=\u00a0\u00bbzoom\u00a0\u00bb animation_intensity_zoom=\u00a0\u00bb2%\u00a0\u00bb border_width_all=\u00a0\u00bb12px\u00a0\u00bb border_color_all=\u00a0\u00bbrgba(183,183,183,0.22)\u00a0\u00bb border_style_all=\u00a0\u00bbridge\u00a0\u00bb box_shadow_style=\u00a0\u00bbpreset3&Prime; box_shadow_vertical=\u00a0\u00bb60px\u00a0\u00bb box_shadow_blur=\u00a0\u00bb80px\u00a0\u00bb box_shadow_spread=\u00a0\u00bb-30px\u00a0\u00bb box_shadow_color=\u00a0\u00bbrgba(0,0,0,0.29)\u00a0\u00bb global_colors_info=\u00a0\u00bb{}\u00a0\u00bb][et_pb_column type=\u00a0\u00bb4_4&Prime; _builder_version=\u00a0\u00bb4.16&Prime; custom_padding=\u00a0\u00bb|||\u00a0\u00bb global_colors_info=\u00a0\u00bb{}\u00a0\u00bb custom_padding__hover=\u00a0\u00bb|||\u00a0\u00bb][et_pb_text _builder_version=\u00a0\u00bb4.16&Prime; text_font=\u00a0\u00bbVollkorn||||||||\u00a0\u00bb text_text_color=\u00a0\u00bb#000000&Prime; text_font_size=\u00a0\u00bb35px\u00a0\u00bb text_line_height=\u00a0\u00bb1.4em\u00a0\u00bb text_orientation=\u00a0\u00bbcenter\u00a0\u00bb global_colors_info=\u00a0\u00bb{}\u00a0\u00bb]<\/p>\n<p>Derni\u00e8res \u00e9ditions<\/p>\n<p>[\/et_pb_text][et_pb_text _builder_version=\u00a0\u00bb4.27.5&Prime; global_colors_info=\u00a0\u00bb{}\u00a0\u00bb]&nbsp;<\/p>\n<p>&nbsp;<\/p>\n<table>\n<tbody>\n<tr>\n<td style=\"text-align: center; width: 50%; padding: 10px;\">Mars 2026<\/td>\n<td style=\"text-align: center; width: 50%; padding: 10px;\"><a href=\"\/wp-content\/uploads\/mantle\/2026-03_mantle_FR.pdf\" target=\"_blank\" rel=\"noopener noreferrer\">T\u00e9l\u00e9charger (PDF)<\/a><\/td>\n<\/tr>\n<tr>\n<td style=\"text-align: center; width: 50%; padding: 10px;\">Octobre 2025<\/td>\n<td style=\"text-align: center; width: 50%; padding: 10px;\"><a href=\"\/wp-content\/uploads\/mantle\/2025-10_mantle_FR.pdf\" target=\"_blank\" rel=\"noopener noreferrer\">T\u00e9l\u00e9charger (PDF)<\/a><\/td>\n<\/tr>\n<tr>\n<td style=\"text-align: center; width: 50%; padding: 10px;\">Juillet 2025<\/td>\n<td style=\"text-align: center; width: 50%; padding: 10px;\"><a href=\"\/wp-content\/uploads\/mantle\/2025-07_mantle_FR.pdf\" target=\"_blank\" rel=\"noopener noreferrer\">T\u00e9l\u00e9charger (PDF)<\/a><\/td>\n<\/tr>\n<tr>\n<td style=\"text-align: center; width: 50%; padding: 10px;\">Mars 2025<\/td>\n<td style=\"text-align: center; width: 50%; padding: 10px;\"><a href=\"\/wp-content\/uploads\/mantle\/2025-03_mantle_FR.pdf\" target=\"_blank\" rel=\"noopener noreferrer\">T\u00e9l\u00e9charger (PDF)<\/a><\/td>\n<\/tr>\n<\/tbody>\n<\/table>\n<p>&nbsp;[\/et_pb_text][\/et_pb_column][\/et_pb_row][\/et_pb_section][et_pb_section fb_built=\u00a0\u00bb1&Prime; custom_padding_last_edited=\u00a0\u00bbon|phone\u00a0\u00bb disabled_on=\u00a0\u00bboff|off|off\u00a0\u00bb admin_label=\u00a0\u00bbGrieving\u00a0\u00bb _builder_version=\u00a0\u00bb4.16&Prime; background_color=\u00a0\u00bbrgba(0,0,0,0)\u00a0\u00bb background_color_gradient_direction=\u00a0\u00bb271deg\u00a0\u00bb max_width=\u00a0\u00bb100%\u00a0\u00bb max_width_tablet=\u00a0\u00bb100%\u00a0\u00bb max_width_phone=\u00a0\u00bb\u00a0\u00bb max_width_last_edited=\u00a0\u00bbon|desktop\u00a0\u00bb custom_padding=\u00a0\u00bb0px||110px||false|false\u00a0\u00bb custom_padding_tablet=\u00a0\u00bb||||false\u00a0\u00bb custom_padding_phone=\u00a0\u00bb||||false\u00a0\u00bb top_divider_color=\u00a0\u00bb#24c9c3&Prime; top_divider_height=\u00a0\u00bb500px\u00a0\u00bb top_divider_repeat=\u00a0\u00bb0x\u00a0\u00bb bottom_divider_style=\u00a0\u00bbramp2&Prime; bottom_divider_color=\u00a0\u00bbrgba(30,66,120,0.55)\u00a0\u00bb bottom_divider_height=\u00a0\u00bb245px\u00a0\u00bb bottom_divider_repeat=\u00a0\u00bb0x\u00a0\u00bb animation_style=\u00a0\u00bbzoom\u00a0\u00bb animation_direction=\u00a0\u00bbleft\u00a0\u00bb animation_intensity_zoom=\u00a0\u00bb2%\u00a0\u00bb global_colors_info=\u00a0\u00bb{}\u00a0\u00bb][et_pb_row column_structure=\u00a0\u00bb2_5,3_5&Prime; _builder_version=\u00a0\u00bb4.16&Prime; global_colors_info=\u00a0\u00bb{}\u00a0\u00bb][et_pb_column type=\u00a0\u00bb2_5&Prime; _builder_version=\u00a0\u00bb4.16&Prime; custom_padding=\u00a0\u00bb|||\u00a0\u00bb global_colors_info=\u00a0\u00bb{}\u00a0\u00bb custom_padding__hover=\u00a0\u00bb|||\u00a0\u00bb][et_pb_text _builder_version=\u00a0\u00bb4.27.5&Prime; text_font=\u00a0\u00bb||||||||\u00a0\u00bb text_text_color=\u00a0\u00bb#000000&Prime; text_font_size=\u00a0\u00bb16px\u00a0\u00bb text_line_height=\u00a0\u00bb2em\u00a0\u00bb ul_font=\u00a0\u00bb||||||||\u00a0\u00bb ol_font=\u00a0\u00bb||||||||\u00a0\u00bb header_font=\u00a0\u00bb||||||||\u00a0\u00bb header_text_color=\u00a0\u00bb#000000&Prime; header_2_font=\u00a0\u00bbVollkorn||||||||\u00a0\u00bb header_2_text_align=\u00a0\u00bbleft\u00a0\u00bb header_2_text_color=\u00a0\u00bb#000000&Prime; header_2_font_size=\u00a0\u00bb35px\u00a0\u00bb header_2_line_height=\u00a0\u00bb1.4em\u00a0\u00bb header_3_font=\u00a0\u00bb||||||||\u00a0\u00bb header_4_font=\u00a0\u00bb||||||||\u00a0\u00bb header_5_font=\u00a0\u00bb||||||||\u00a0\u00bb header_6_font=\u00a0\u00bb||||||||\u00a0\u00bb background_layout=\u00a0\u00bbdark\u00a0\u00bb max_width=\u00a0\u00bb700px\u00a0\u00bb module_alignment=\u00a0\u00bbcenter\u00a0\u00bb hover_enabled=\u00a0\u00bb0&Prime; header_2_font_size_tablet=\u00a0\u00bb30px\u00a0\u00bb header_2_font_size_phone=\u00a0\u00bb25px\u00a0\u00bb header_2_font_size_last_edited=\u00a0\u00bbon|desktop\u00a0\u00bb locked=\u00a0\u00bboff\u00a0\u00bb global_colors_info=\u00a0\u00bb{}\u00a0\u00bb sticky_enabled=\u00a0\u00bb0&Prime;]<\/p>\n<h2 style=\"text-align: center;\">Archives<\/h2>\n<h2 style=\"text-align: center; font-size: 22px;\">Vous en voulez plus ?<\/h2>\n<p style=\"text-align: center;\">Simplement s\u00e9lectionner une ann\u00e9e et parcourir l&rsquo;archive pour trouver l&rsquo;\u00e9dition du Manteau Canadien d\u00e9sir\u00e9 !<\/p>\n<p>[\/et_pb_text][\/et_pb_column][et_pb_column type=\u00a0\u00bb3_5&Prime; _builder_version=\u00a0\u00bb4.16&Prime; custom_padding=\u00a0\u00bb|||\u00a0\u00bb global_colors_info=\u00a0\u00bb{}\u00a0\u00bb custom_padding__hover=\u00a0\u00bb|||\u00a0\u00bb][et_pb_accordion open_toggle_text_color=\u00a0\u00bb#1e4278&Prime; open_toggle_background_color=\u00a0\u00bb#ffffff\u00a0\u00bb closed_toggle_text_color=\u00a0\u00bb#ffffff\u00a0\u00bb closed_toggle_background_color=\u00a0\u00bbrgba(12,33,63,0.45)\u00a0\u00bb icon_color=\u00a0\u00bb#ffffff\u00a0\u00bb _builder_version=\u00a0\u00bb4.27.5&Prime; toggle_font=\u00a0\u00bbVollkorn||||||||\u00a0\u00bb toggle_font_size=\u00a0\u00bb18px\u00a0\u00bb toggle_line_height=\u00a0\u00bb1.5em\u00a0\u00bb body_font=\u00a0\u00bb||||||||\u00a0\u00bb body_line_height=\u00a0\u00bb2em\u00a0\u00bb custom_margin=\u00a0\u00bb|||\u00a0\u00bb custom_padding=\u00a0\u00bb|||\u00a0\u00bb global_colors_info=\u00a0\u00bb{}\u00a0\u00bb][et_pb_accordion_item title=\u00a0\u00bb2024&Prime; open=\u00a0\u00bbon\u00a0\u00bb _builder_version=\u00a0\u00bb4.27.5&Prime; custom_margin=\u00a0\u00bb10px||10px||true\u00a0\u00bb custom_padding=\u00a0\u00bb30px||30px||true\u00a0\u00bb global_colors_info=\u00a0\u00bb{}\u00a0\u00bb]<\/p>\n<ul>\n<li><a href=\"\/wp-content\/uploads\/mantle\/2024-10_mantle_FR.pdf\" target=\"_blank\" rel=\"noopener noreferrer\">Octobre 2024<\/a><\/li>\n<li><a href=\"\/wp-content\/uploads\/mantle\/2024-07_mantle_FR.pdf\" target=\"_blank\" rel=\"noopener noreferrer\">Juillet 2024<\/a><\/li>\n<li><a href=\"\/wp-content\/uploads\/mantle\/2024-03_mantle_FR.pdf\" target=\"_blank\" rel=\"noopener noreferrer\">Mars 2024<\/a><\/li>\n<\/ul>\n<p>[\/et_pb_accordion_item][et_pb_accordion_item title=\u00a0\u00bb2023&Prime; _builder_version=\u00a0\u00bb4.27.5&Prime; custom_margin=\u00a0\u00bb10px||10px||true\u00a0\u00bb custom_padding=\u00a0\u00bb30px||30px||true\u00a0\u00bb global_colors_info=\u00a0\u00bb{}\u00a0\u00bb open=\u00a0\u00bboff\u00a0\u00bb]<\/p>\n<ul>\n<li><a href=\"\/wp-content\/uploads\/mantle\/2023-10_mantle_FR.pdf\" target=\"_blank\" rel=\"noopener noreferrer\">Octobre 2023<\/a><\/li>\n<li><a href=\"\/wp-content\/uploads\/mantle\/2023-07_mantle_FR.pdf\" target=\"_blank\" rel=\"noopener noreferrer\">Juillet 2023<\/a><\/li>\n<li><a href=\"\/wp-content\/uploads\/mantle\/2023-03_mantle_FR.pdf\" target=\"_blank\" rel=\"noopener noreferrer\">Mars 2023<\/a><\/li>\n<\/ul>\n<p>[\/et_pb_accordion_item][et_pb_accordion_item title=\u00a0\u00bb2022&Prime; _builder_version=\u00a0\u00bb4.27.5&Prime; custom_margin=\u00a0\u00bb10px||10px||true\u00a0\u00bb custom_padding=\u00a0\u00bb30px||30px||true\u00a0\u00bb global_colors_info=\u00a0\u00bb{}\u00a0\u00bb open=\u00a0\u00bboff\u00a0\u00bb]<\/p>\n<ul>\n<li><a href=\"\/wp-content\/uploads\/mantle\/2022-10_mantle_FR.pdf\" target=\"_blank\" rel=\"noopener noreferrer\">Octobre 2022<\/a><\/li>\n<li><a href=\"\/wp-content\/uploads\/mantle\/2022-07_mantle_FR.pdf\" target=\"_blank\" rel=\"noopener noreferrer\">Juillet 2022<\/a><\/li>\n<li><a href=\"\/wp-content\/uploads\/mantle\/2022-03_mantle_FR.pdf\" target=\"_blank\" rel=\"noopener noreferrer\">Mars 2022<\/a><\/li>\n<\/ul>\n<p>[\/et_pb_accordion_item][et_pb_accordion_item title=\u00a0\u00bb2021&Prime; _builder_version=\u00a0\u00bb4.27.0&Prime; custom_margin=\u00a0\u00bb10px||10px||true\u00a0\u00bb custom_padding=\u00a0\u00bb30px||30px||true\u00a0\u00bb global_colors_info=\u00a0\u00bb{}\u00a0\u00bb open=\u00a0\u00bboff\u00a0\u00bb]<\/p>\n<ul>\n<li><a href=\"\/wp-content\/uploads\/mantle\/2021-10_mantle_FR.pdf\" target=\"_blank\" rel=\"noopener noreferrer\">Octobre 2021<\/a><\/li>\n<li><a href=\"\/wp-content\/uploads\/2021\/06\/2021-07_mantle_FR.pdf\" target=\"_blank\" rel=\"noopener noreferrer\">Juillet 2021<\/a><\/li>\n<li><a href=\"\/wp-content\/uploads\/2021\/03\/Le-Manteau-Mars-2021-web.pdf\" target=\"_blank\" rel=\"noopener noreferrer\">Mars 2021<\/a><\/li>\n<\/ul>\n<p>[\/et_pb_accordion_item][et_pb_accordion_item title=\u00a0\u00bb2020&Prime; _builder_version=\u00a0\u00bb4.27.0&Prime; custom_margin=\u00a0\u00bb10px||10px||true\u00a0\u00bb custom_padding=\u00a0\u00bb30px||30px||true\u00a0\u00bb global_colors_info=\u00a0\u00bb{}\u00a0\u00bb open=\u00a0\u00bboff\u00a0\u00bb]<\/p>\n<ul>\n<li><a href=\"\/wp-content\/uploads\/2021\/01\/Oct2020_FR.pdf\" target=\"_blank\" rel=\"noopener noreferrer\">Octobre 2020<\/a><\/li>\n<li><a href=\"\/wp-content\/uploads\/2020\/08\/2020-07_mantle_FR.pdf\" target=\"_blank\" rel=\"noopener noreferrer\">Juillet 2020<\/a><\/li>\n<li><a href=\"\/wp-content\/uploads\/2020\/08\/2020-03_mantle_FR.pdf\" target=\"_blank\" rel=\"noopener noreferrer\">Mars 2020<\/a><\/li>\n<\/ul>\n<p>[\/et_pb_accordion_item][et_pb_accordion_item title=\u00a0\u00bb2019&Prime; _builder_version=\u00a0\u00bb4.16&Prime; custom_margin=\u00a0\u00bb10px||10px||true\u00a0\u00bb custom_padding=\u00a0\u00bb30px||30px||true\u00a0\u00bb global_colors_info=\u00a0\u00bb{}\u00a0\u00bb open=\u00a0\u00bboff\u00a0\u00bb]<\/p>\n<ul>\n<li><a href=\"\/wp-content\/uploads\/2020\/08\/2019-10_mantle_FR.pdf\" target=\"_blank\" rel=\"noopener noreferrer\">Octobre 2019<\/a><\/li>\n<li><a href=\"\/wp-content\/uploads\/2020\/08\/2019-07_mantle_FR.pdf\" target=\"_blank\" rel=\"noopener noreferrer\">Juillet 2019<\/a><\/li>\n<li><a href=\"\/wp-content\/uploads\/2020\/08\/2019-03_mantle_FR.pdf\" target=\"_blank\" rel=\"noopener noreferrer\">Mars 2019<\/a><\/li>\n<\/ul>\n<p>[\/et_pb_accordion_item][et_pb_accordion_item title=\u00a0\u00bb2018&Prime; _builder_version=\u00a0\u00bb4.16&Prime; custom_margin=\u00a0\u00bb10px||10px||true\u00a0\u00bb custom_padding=\u00a0\u00bb30px||30px||true\u00a0\u00bb global_colors_info=\u00a0\u00bb{}\u00a0\u00bb open=\u00a0\u00bboff\u00a0\u00bb]<\/p>\n<ul>\n<li><a href=\"\/wp-content\/uploads\/2020\/08\/2018-10_mantle_FR.pdf\" target=\"_blank\" rel=\"noopener noreferrer\">Octobre 2018<\/a><\/li>\n<li><a href=\"\/wp-content\/uploads\/2020\/08\/2018-07_mantle_FR.pdf\" target=\"_blank\" rel=\"noopener noreferrer\">Juillet 2018<\/a><\/li>\n<li><a href=\"\/wp-content\/uploads\/2020\/08\/2018-03_mantle_FR.pdf\" target=\"_blank\" rel=\"noopener noreferrer\">Mars 2018<\/a><\/li>\n<\/ul>\n<p>[\/et_pb_accordion_item][et_pb_accordion_item title=\u00a0\u00bb2017&Prime; _builder_version=\u00a0\u00bb4.16&Prime; custom_margin=\u00a0\u00bb10px||10px||true\u00a0\u00bb custom_padding=\u00a0\u00bb30px||30px||true\u00a0\u00bb global_colors_info=\u00a0\u00bb{}\u00a0\u00bb open=\u00a0\u00bboff\u00a0\u00bb]<\/p>\n<ul>\n<li><a href=\"\/wp-content\/uploads\/2020\/08\/2017-10_mantle_FR.pdf\" target=\"_blank\" rel=\"noopener noreferrer\">Octobre 2017<\/a><\/li>\n<li><a href=\"\/wp-content\/uploads\/2020\/08\/2017-07_mantle_FR.pdf\" target=\"_blank\" rel=\"noopener noreferrer\">Juillet 2017<\/a><\/li>\n<li><a href=\"\/wp-content\/uploads\/2020\/08\/2017-03_mantle_FR.pdf\" target=\"_blank\" rel=\"noopener noreferrer\">Mars 2017<\/a><\/li>\n<\/ul>\n<p>[\/et_pb_accordion_item][et_pb_accordion_item title=\u00a0\u00bb2016&Prime; _builder_version=\u00a0\u00bb4.16&Prime; custom_margin=\u00a0\u00bb10px||10px||true\u00a0\u00bb custom_padding=\u00a0\u00bb30px||30px||true\u00a0\u00bb global_colors_info=\u00a0\u00bb{}\u00a0\u00bb open=\u00a0\u00bboff\u00a0\u00bb]<\/p>\n<ul>\n<li><a href=\"\/wp-content\/uploads\/2020\/08\/2016-10_mantle_FR.pdf\" target=\"_blank\" rel=\"noopener noreferrer\">Octobre 2016<\/a><\/li>\n<li><a href=\"\/wp-content\/uploads\/2020\/08\/2016-07_mantle_FR.pdf\" target=\"_blank\" rel=\"noopener noreferrer\">Juillet 2016<\/a><\/li>\n<li><a href=\"\/wp-content\/uploads\/2020\/08\/2016-03_mantle_FR.pdf\" target=\"_blank\" rel=\"noopener noreferrer\">Mars 2016<\/a><\/li>\n<\/ul>\n<p>[\/et_pb_accordion_item][et_pb_accordion_item title=\u00a0\u00bb2015&Prime; _builder_version=\u00a0\u00bb4.16&Prime; custom_margin=\u00a0\u00bb10px||10px||true\u00a0\u00bb custom_padding=\u00a0\u00bb30px||30px||true\u00a0\u00bb global_colors_info=\u00a0\u00bb{}\u00a0\u00bb open=\u00a0\u00bboff\u00a0\u00bb]<\/p>\n<ul>\n<li><a href=\"\/wp-content\/uploads\/2020\/08\/2015-10_mantle_FR.pdf\" target=\"_blank\" rel=\"noopener noreferrer\">Octobre 2015<\/a><\/li>\n<li><a href=\"\/wp-content\/uploads\/2020\/08\/2015-07_mantle_FR.pdf\" target=\"_blank\" rel=\"noopener noreferrer\">Juillet 2015<\/a><\/li>\n<li><a href=\"\/wp-content\/uploads\/2020\/08\/2015-03_mantle_FR.pdf\" target=\"_blank\" rel=\"noopener noreferrer\">Mars 2015<\/a><\/li>\n<\/ul>\n<p>[\/et_pb_accordion_item][\/et_pb_accordion][\/et_pb_column][\/et_pb_row][\/et_pb_section][et_pb_section fb_built=\u00a0\u00bb1&Prime; _builder_version=\u00a0\u00bb4.27.4&Prime; background_color=\u00a0\u00bb#011a38&Prime; global_module=\u00a0\u00bb4388&Prime; saved_tabs=\u00a0\u00bball\u00a0\u00bb locked=\u00a0\u00bboff\u00a0\u00bb global_colors_info=\u00a0\u00bb{}\u00a0\u00bb][et_pb_row column_structure=\u00a0\u00bb1_4,1_4,1_4,1_4&Prime; _builder_version=\u00a0\u00bb4.16&Prime; custom_margin=\u00a0\u00bb||||false|false\u00a0\u00bb custom_padding=\u00a0\u00bb|5%||5%|false|false\u00a0\u00bb global_colors_info=\u00a0\u00bb{}\u00a0\u00bb][et_pb_column type=\u00a0\u00bb1_4&Prime; _builder_version=\u00a0\u00bb4.16&Prime; global_colors_info=\u00a0\u00bb{}\u00a0\u00bb][et_pb_divider color=\u00a0\u00bb#e1e3e8&Prime; disabled_on=\u00a0\u00bboff|off|off\u00a0\u00bb _builder_version=\u00a0\u00bb4.16&Prime; custom_margin=\u00a0\u00bb15px||15px||false|false\u00a0\u00bb global_colors_info=\u00a0\u00bb{}\u00a0\u00bb][\/et_pb_divider][et_pb_text _builder_version=\u00a0\u00bb4.27.4&Prime; link_text_color=\u00a0\u00bb#FFFFFF\u00a0\u00bb global_colors_info=\u00a0\u00bb{}\u00a0\u00bb]<\/p>\n<p><a href=\"\/fr\/a-propos-de-nous\/\">\u00c0 propos de nous<\/a><\/p>\n<p><a href=\"\/fr\/a-propos-de-nous\/ce-que-nous-croyons\/\">Ce que nous croyons<\/a><\/p>\n<p><a href=\"\/fr\/a-propos-de-nous\/notre-equipe\/\">Notre \u00e9quipe<\/a><\/p>\n<p><a href=\"\/fr\/a-propos-de-nous\/notre-secretaire-general\/\">Notre Secr\u00e9taire G\u00e9n\u00e9ral<\/a><\/p>\n<p>[\/et_pb_text][\/et_pb_column][et_pb_column type=\u00a0\u00bb1_4&Prime; _builder_version=\u00a0\u00bb4.16&Prime; global_colors_info=\u00a0\u00bb{}\u00a0\u00bb][et_pb_divider show_divider=\u00a0\u00bboff\u00a0\u00bb disabled_on=\u00a0\u00bboff|off|off\u00a0\u00bb _builder_version=\u00a0\u00bb4.16&Prime; custom_margin=\u00a0\u00bb15px||15px||false|false\u00a0\u00bb global_colors_info=\u00a0\u00bb{}\u00a0\u00bb][\/et_pb_divider][et_pb_text _builder_version=\u00a0\u00bb4.27.4&Prime; link_text_color=\u00a0\u00bb#FFFFFF\u00a0\u00bb global_colors_info=\u00a0\u00bb{}\u00a0\u00bb]<\/p>\n<p><a href=\"\/fr\/events\">\u00c9v\u00e9nements<\/a><\/p>\n<p><a href=\"\/fr\/renouvellement-de-lettre-de-creance\/\">Renouvellement d&rsquo;accr\u00e9ditation<\/a><\/p>\n<p><a href=\"\/fr\/accreditation-nouveaux-candidats\/\">Nouveaux candidats<\/a><\/p>\n<p><a href=\"\/fr\/ministere-de-compassion\/\">Minist\u00e8re de Compassion<\/a><\/p>\n<p>[\/et_pb_text][\/et_pb_column][et_pb_column type=\u00a0\u00bb1_4&Prime; _builder_version=\u00a0\u00bb4.16&Prime; global_colors_info=\u00a0\u00bb{}\u00a0\u00bb][et_pb_divider show_divider=\u00a0\u00bboff\u00a0\u00bb disabled_on=\u00a0\u00bboff|off|off\u00a0\u00bb _builder_version=\u00a0\u00bb4.16&Prime; custom_margin=\u00a0\u00bb15px||15px||false|false\u00a0\u00bb global_colors_info=\u00a0\u00bb{}\u00a0\u00bb][\/et_pb_divider][et_pb_text _builder_version=\u00a0\u00bb4.27.4&Prime; link_text_color=\u00a0\u00bb#FFFFFF\u00a0\u00bb global_colors_info=\u00a0\u00bb{}\u00a0\u00bb]<\/p>\n<p><a href=\"\/fr\/aide-a-lenseignement\/\">Aide \u00e0 l&rsquo;enseignement<\/a><\/p>\n<p><a href=\"\/fr\/prayer-warriors-unite\/\">Prayer Warriors Unite<\/a><\/p>\n<p><a href=\"\/fr\/le-manteau-canadien\/\">Le Manteau Canadien<\/a><\/p>\n<p><a href=\"\/fr\/affiliation-deglise\/\">Affiliation d&rsquo;\u00e9glise<\/a><\/p>\n<p>[\/et_pb_text][\/et_pb_column][et_pb_column type=\u00a0\u00bb1_4&Prime; _builder_version=\u00a0\u00bb4.16&Prime; _module_preset=\u00a0\u00bbdefault\u00a0\u00bb global_colors_info=\u00a0\u00bb{}\u00a0\u00bb][et_pb_divider show_divider=\u00a0\u00bboff\u00a0\u00bb disabled_on=\u00a0\u00bboff|off|off\u00a0\u00bb _builder_version=\u00a0\u00bb4.16&Prime; custom_margin=\u00a0\u00bb15px||15px||false|false\u00a0\u00bb global_colors_info=\u00a0\u00bb{}\u00a0\u00bb][\/et_pb_divider][et_pb_text _builder_version=\u00a0\u00bb4.27.4&Prime; link_text_color=\u00a0\u00bb#FFFFFF\u00a0\u00bb global_colors_info=\u00a0\u00bb{}\u00a0\u00bb]<\/p>\n<p style=\"text-align: left;\"><a href=\"\/fr\/contactez-nous\">Contactez-nous<\/a><\/p>\n<p style=\"text-align: left;\"><a href=\"\/\">English<\/a><\/p>\n<p>[\/et_pb_text][et_pb_button button_url=\u00a0\u00bbhttps:\/\/www.zeffy.com\/fr-CA\/donation-form\/donations-51&Prime; url_new_window=\u00a0\u00bbon\u00a0\u00bb button_text=\u00a0\u00bbFaire un don\u00a0\u00bb button_alignment=\u00a0\u00bbleft\u00a0\u00bb _builder_version=\u00a0\u00bb4.27.4&Prime; custom_button=\u00a0\u00bbon\u00a0\u00bb button_text_size=\u00a0\u00bb12px\u00a0\u00bb button_text_color=\u00a0\u00bb#000000&Prime; button_bg_color=\u00a0\u00bb#ffd700&Prime; button_bg_use_color_gradient=\u00a0\u00bbon\u00a0\u00bb button_bg_color_gradient_direction=\u00a0\u00bb186deg\u00a0\u00bb button_bg_color_gradient_direction_radial=\u00a0\u00bbtop right\u00a0\u00bb button_bg_color_gradient_stops=\u00a0\u00bb \t#FFD700 10%|rgba(224,153,0,0.88) 90%\u00a0\u00bb button_bg_color_gradient_start=\u00a0\u00bb \t#FFD700&Prime; button_bg_color_gradient_start_position=\u00a0\u00bb10%\u00a0\u00bb button_bg_color_gradient_end=\u00a0\u00bbrgba(224,153,0,0.88)\u00a0\u00bb button_bg_color_gradient_end_position=\u00a0\u00bb90%\u00a0\u00bb button_border_width=\u00a0\u00bb0px\u00a0\u00bb button_border_color=\u00a0\u00bbrgba(0,0,0,0)\u00a0\u00bb button_border_radius=\u00a0\u00bb100px\u00a0\u00bb button_letter_spacing=\u00a0\u00bb1px\u00a0\u00bb button_font=\u00a0\u00bbLibre Franklin|600|||||||\u00a0\u00bb button_icon=\u00a0\u00bb&#xe014;||divi||400&Prime; button_icon_placement=\u00a0\u00bbleft\u00a0\u00bb button_on_hover=\u00a0\u00bboff\u00a0\u00bb background_layout=\u00a0\u00bbdark\u00a0\u00bb custom_padding=\u00a0\u00bb16px|30px|16px|45px|true|false\u00a0\u00bb button_letter_spacing_hover=\u00a0\u00bb1px\u00a0\u00bb button_bg_color_hover=\u00a0\u00bb#27d8d2&Prime; global_colors_info=\u00a0\u00bb{}\u00a0\u00bb button_text_size__hover_enabled=\u00a0\u00bboff\u00a0\u00bb button_one_text_size__hover_enabled=\u00a0\u00bboff\u00a0\u00bb button_two_text_size__hover_enabled=\u00a0\u00bboff\u00a0\u00bb button_text_color__hover_enabled=\u00a0\u00bboff\u00a0\u00bb button_one_text_color__hover_enabled=\u00a0\u00bboff\u00a0\u00bb button_two_text_color__hover_enabled=\u00a0\u00bboff\u00a0\u00bb button_border_width__hover_enabled=\u00a0\u00bboff\u00a0\u00bb button_one_border_width__hover_enabled=\u00a0\u00bboff\u00a0\u00bb button_two_border_width__hover_enabled=\u00a0\u00bboff\u00a0\u00bb button_border_color__hover_enabled=\u00a0\u00bboff\u00a0\u00bb button_one_border_color__hover_enabled=\u00a0\u00bboff\u00a0\u00bb button_two_border_color__hover_enabled=\u00a0\u00bboff\u00a0\u00bb button_border_radius__hover_enabled=\u00a0\u00bboff\u00a0\u00bb button_one_border_radius__hover_enabled=\u00a0\u00bboff\u00a0\u00bb button_two_border_radius__hover_enabled=\u00a0\u00bboff\u00a0\u00bb button_letter_spacing__hover_enabled=\u00a0\u00bbon\u00a0\u00bb button_letter_spacing__hover=\u00a0\u00bb1px\u00a0\u00bb button_one_letter_spacing__hover_enabled=\u00a0\u00bboff\u00a0\u00bb button_two_letter_spacing__hover_enabled=\u00a0\u00bboff\u00a0\u00bb button_bg_color__hover_enabled=\u00a0\u00bbon\u00a0\u00bb button_bg_color__hover=\u00a0\u00bb#27d8d2&Prime; button_one_bg_color__hover_enabled=\u00a0\u00bboff\u00a0\u00bb button_two_bg_color__hover_enabled=\u00a0\u00bboff\u00a0\u00bb][\/et_pb_button][\/et_pb_column][\/et_pb_row][\/et_pb_section]<\/p>\n","protected":false},"excerpt":{"rendered":"<p>Le Manteau Canadien Derni\u00e8res \u00e9ditions&nbsp; &nbsp; Mars 2026 T\u00e9l\u00e9charger (PDF) Octobre 2025 T\u00e9l\u00e9charger (PDF) Juillet 2025 T\u00e9l\u00e9charger (PDF) Mars 2025 T\u00e9l\u00e9charger (PDF) &nbsp;Archives Vous en voulez plus ? Simplement s\u00e9lectionner [&hellip;]<\/p>\n","protected":false},"author":1,"featured_media":0,"parent":0,"menu_order":0,"comment_status":"closed","ping_status":"closed","template":"","meta":{"_et_pb_use_builder":"on","_et_pb_old_content":"","_et_gb_content_width":"","_price":"","_stock":"","_tribe_ticket_header":"","_tribe_default_ticket_provider":"","_ticket_start_date":"","_ticket_end_date":"","_tribe_ticket_show_description":"","_tribe_ticket_show_not_going":false,"_tribe_ticket_use_global_stock":"","_tribe_ticket_global_stock_level":"","_global_stock_mode":"","_global_stock_cap":"","_tribe_rsvp_for_event":"","_tribe_ticket_going_count":"","_tribe_ticket_not_going_count":"","_tribe_tickets_list":"[]","_tribe_ticket_has_attendee_info_fields":false,"footnotes":"","_tec_slr_enabled":"","_tec_slr_layout":""},"class_list":["post-1431","page","type-page","status-publish","hentry"],"ticketed":false,"_links":{"self":[{"href":"https:\/\/iaogcan.com\/fr\/wp-json\/wp\/v2\/pages\/1431","targetHints":{"allow":["GET"]}}],"collection":[{"href":"https:\/\/iaogcan.com\/fr\/wp-json\/wp\/v2\/pages"}],"about":[{"href":"https:\/\/iaogcan.com\/fr\/wp-json\/wp\/v2\/types\/page"}],"author":[{"embeddable":true,"href":"https:\/\/iaogcan.com\/fr\/wp-json\/wp\/v2\/users\/1"}],"replies":[{"embeddable":true,"href":"https:\/\/iaogcan.com\/fr\/wp-json\/wp\/v2\/comments?post=1431"}],"version-history":[{"count":0,"href":"https:\/\/iaogcan.com\/fr\/wp-json\/wp\/v2\/pages\/1431\/revisions"}],"wp:attachment":[{"href":"https:\/\/iaogcan.com\/fr\/wp-json\/wp\/v2\/media?parent=1431"}],"curies":[{"name":"wp","href":"https:\/\/api.w.org\/{rel}","templated":true}]}}